{"id":33,"date":"2019-08-21T10:01:08","date_gmt":"2019-08-21T10:01:08","guid":{"rendered":"http:\/\/www.lillyscake.ch\/?page_id=33"},"modified":"2019-09-12T21:14:50","modified_gmt":"2019-09-12T21:14:50","slug":"about-me","status":"publish","type":"page","link":"https:\/\/www.lillyscake.ch\/index.php\/about-me\/","title":{"rendered":"About me"},"content":{"rendered":"<p><img loading=\"lazy\" decoding=\"async\" class=\"alignright wp-image-2514 size-full\" src=\"http:\/\/www.lillyscake.ch\/wp-content\/uploads\/2019\/09\/Lilly.jpg\" alt=\"\" width=\"300\" height=\"300\" srcset=\"https:\/\/www.lillyscake.ch\/wp-content\/uploads\/2019\/09\/Lilly.jpg 300w, https:\/\/www.lillyscake.ch\/wp-content\/uploads\/2019\/09\/Lilly-100x100.jpg 100w, https:\/\/www.lillyscake.ch\/wp-content\/uploads\/2019\/09\/Lilly-150x150.jpg 150w, https:\/\/www.lillyscake.ch\/wp-content\/uploads\/2019\/09\/Lilly-60x60.jpg 60w\" sizes=\"auto, (max-width: 300px) 100vw, 300px\" \/>Ich freue mich dar\u00fcber, Ihnen \u00fcber meine Webseite einen Teil meiner Arbeit zu zeigen.<\/p>\n<p>Mein Name ist Liliana Rios Graf, geboren in Asuncion (Paraguay), verheiratet und Mutter von zwei Kindern.<\/p>\n<p>Bereits in einem fr\u00fchen Alter fing ich an, Torten zu dekorieren, da dies auch schon immer ein Familienberuf war.<br \/>\nSp\u00e4ter habe ich dann meine Leidenschaft zum Beruf gemacht, und eine Ausbildung und mehrere Kurse in der Branche der Kuchengestaltung abgeschlossen.<\/p>\n<p>Ich danke Gott, dass er mir die Gabe geschenkt hat, aus einem kleinen St\u00fcck Zucker etwas Niedliches und S\u00fcsses zu gestalten.<\/p>\n<p>Es gibt f\u00fcr mich nichts Sch\u00f6neres als das L\u00e4cheln eines Kindes, das sein\/e Lieblingssuperhelden auf einem Kuchen findet \u2013 und das alles speziell nur f\u00fcr Ihn\/Sie. Auch die Freude der Braut und des Br\u00e4utigams, die mit dem anschneiden des Kuchen den Tag ihrer Tr\u00e4ume einl\u00e4utet, ist immer wieder eine besondere Freude. Jeder Kunde ist einzigartig, jeder Kuchen mit Liebe gemacht, einschliesslich der Verwendung der besten Zutaten, f\u00fcr die besten Kunden.<\/p>\n<p><strong>Besuchte Kurse:<\/strong><\/p>\n<p>Grundausbildung in Gods Pan in Asuncion (Paraguay)<br \/>\nSugar Flowers von Alan Dunn aus London (Z\u00fcrich)<br \/>\nSugar Flowers von Loredana Atzei (Rom)<br \/>\nFigurmodellation aus Zucker bei Pasticci di Molly Coppini (Rom)<br \/>\n\u201cModelling Sugar Paste Course with Mary Presicci\u201d (Z\u00fcrich)<br \/>\nSuperhero Figuren mit Simone Lopez aus Italien (Z\u00fcrich)<br \/>\n3D-Torten mit Dorothy Klerck aus S\u00fcdafrika (Z\u00fcrich)<\/p>\n<p><strong>Auszeichnungen:<\/strong><\/p>\n<p>Bronze in der Kategorie Motivtorte an den Swiss Cake Festivals 2017<br \/>\nSilber in der Kategorie Hochzeitstorten an den Swiss Cake Festivals 2017<\/p>\n","protected":false},"excerpt":{"rendered":"<p>Ich freue mich dar\u00fcber, Ihnen \u00fcber meine Webseite einen Teil meiner Arbeit zu zeigen. Mein Name ist Liliana Rios Graf, geboren in Asuncion (Paraguay), verheiratet und Mutter von zwei Kindern. Bereits in einem fr\u00fchen Alter fing ich an, Torten zu dekorieren, da dies auch schon immer ein Familienberuf war. Sp\u00e4ter habe ich dann meine Leidenschaft [&hellip;]<\/p>\n","protected":false},"author":1,"featured_media":0,"parent":0,"menu_order":0,"comment_status":"closed","ping_status":"closed","template":"","meta":{"footnotes":""},"class_list":["post-33","page","type-page","status-publish","hentry"],"yoast_head":"<!-- This site is optimized with the Yoast SEO plugin v27.4 - https:\/\/yoast.com\/product\/yoast-seo-wordpress\/ -->\n<title>About me - Lilly\u2019s Cake<\/title>\n<meta name=\"description\" content=\"Lilly&#039;s Cake Design\" \/>\n<meta name=\"robots\" content=\"index, follow, max-snippet:-1, max-image-preview:large, max-video-preview:-1\" \/>\n<link rel=\"canonical\" href=\"https:\/\/www.lillyscake.ch\/index.php\/about-me\/\" \/>\n<meta property=\"og:locale\" content=\"de_DE\" \/>\n<meta property=\"og:type\" content=\"article\" \/>\n<meta property=\"og:title\" content=\"About me - Lilly\u2019s Cake\" \/>\n<meta property=\"og:description\" content=\"Lilly&#039;s Cake Design\" \/>\n<meta property=\"og:url\" content=\"https:\/\/www.lillyscake.ch\/index.php\/about-me\/\" \/>\n<meta property=\"og:site_name\" content=\"Lilly\u2019s Cake\" \/>\n<meta property=\"article:publisher\" content=\"https:\/\/www.facebook.com\/lillyscakedesign\/?filter=2\" \/>\n<meta property=\"article:modified_time\" content=\"2019-09-12T21:14:50+00:00\" \/>\n<meta property=\"og:image\" content=\"http:\/\/www.lillyscake.ch\/wp-content\/uploads\/2019\/09\/Lilly.jpg\" \/>\n<meta name=\"twitter:card\" content=\"summary_large_image\" \/>\n<meta name=\"twitter:label1\" content=\"Gesch\u00e4tzte Lesezeit\" \/>\n\t<meta name=\"twitter:data1\" content=\"1\u00a0Minute\" \/>\n<script type=\"application\/ld+json\" class=\"yoast-schema-graph\">{\"@context\":\"https:\\\/\\\/schema.org\",\"@graph\":[{\"@type\":\"WebPage\",\"@id\":\"https:\\\/\\\/www.lillyscake.ch\\\/index.php\\\/about-me\\\/\",\"url\":\"https:\\\/\\\/www.lillyscake.ch\\\/index.php\\\/about-me\\\/\",\"name\":\"About me - Lilly\u2019s Cake\",\"isPartOf\":{\"@id\":\"https:\\\/\\\/www.lillyscake.ch\\\/#website\"},\"primaryImageOfPage\":{\"@id\":\"https:\\\/\\\/www.lillyscake.ch\\\/index.php\\\/about-me\\\/#primaryimage\"},\"image\":{\"@id\":\"https:\\\/\\\/www.lillyscake.ch\\\/index.php\\\/about-me\\\/#primaryimage\"},\"thumbnailUrl\":\"http:\\\/\\\/www.lillyscake.ch\\\/wp-content\\\/uploads\\\/2019\\\/09\\\/Lilly.jpg\",\"datePublished\":\"2019-08-21T10:01:08+00:00\",\"dateModified\":\"2019-09-12T21:14:50+00:00\",\"description\":\"Lilly's Cake Design\",\"breadcrumb\":{\"@id\":\"https:\\\/\\\/www.lillyscake.ch\\\/index.php\\\/about-me\\\/#breadcrumb\"},\"inLanguage\":\"de\",\"potentialAction\":[{\"@type\":\"ReadAction\",\"target\":[\"https:\\\/\\\/www.lillyscake.ch\\\/index.php\\\/about-me\\\/\"]}]},{\"@type\":\"ImageObject\",\"inLanguage\":\"de\",\"@id\":\"https:\\\/\\\/www.lillyscake.ch\\\/index.php\\\/about-me\\\/#primaryimage\",\"url\":\"https:\\\/\\\/www.lillyscake.ch\\\/wp-content\\\/uploads\\\/2019\\\/09\\\/Lilly.jpg\",\"contentUrl\":\"https:\\\/\\\/www.lillyscake.ch\\\/wp-content\\\/uploads\\\/2019\\\/09\\\/Lilly.jpg\",\"width\":300,\"height\":300},{\"@type\":\"BreadcrumbList\",\"@id\":\"https:\\\/\\\/www.lillyscake.ch\\\/index.php\\\/about-me\\\/#breadcrumb\",\"itemListElement\":[{\"@type\":\"ListItem\",\"position\":1,\"name\":\"Home\",\"item\":\"https:\\\/\\\/www.lillyscake.ch\\\/\"},{\"@type\":\"ListItem\",\"position\":2,\"name\":\"About me\"}]},{\"@type\":\"WebSite\",\"@id\":\"https:\\\/\\\/www.lillyscake.ch\\\/#website\",\"url\":\"https:\\\/\\\/www.lillyscake.ch\\\/\",\"name\":\"Lilly\u2019s Cake\",\"description\":\"Herzlich Willkommen\",\"publisher\":{\"@id\":\"https:\\\/\\\/www.lillyscake.ch\\\/#organization\"},\"potentialAction\":[{\"@type\":\"SearchAction\",\"target\":{\"@type\":\"EntryPoint\",\"urlTemplate\":\"https:\\\/\\\/www.lillyscake.ch\\\/?s={search_term_string}\"},\"query-input\":{\"@type\":\"PropertyValueSpecification\",\"valueRequired\":true,\"valueName\":\"search_term_string\"}}],\"inLanguage\":\"de\"},{\"@type\":\"Organization\",\"@id\":\"https:\\\/\\\/www.lillyscake.ch\\\/#organization\",\"name\":\"Lilly's Cake\",\"url\":\"https:\\\/\\\/www.lillyscake.ch\\\/\",\"logo\":{\"@type\":\"ImageObject\",\"inLanguage\":\"de\",\"@id\":\"https:\\\/\\\/www.lillyscake.ch\\\/#\\\/schema\\\/logo\\\/image\\\/\",\"url\":\"\",\"contentUrl\":\"\",\"caption\":\"Lilly's Cake\"},\"image\":{\"@id\":\"https:\\\/\\\/www.lillyscake.ch\\\/#\\\/schema\\\/logo\\\/image\\\/\"},\"sameAs\":[\"https:\\\/\\\/www.facebook.com\\\/lillyscakedesign\\\/?filter=2\",\"https:\\\/\\\/www.instagram.com\\\/p\\\/Bg_Sjn8BzPx\\\/\"]}]}<\/script>\n<!-- \/ Yoast SEO plugin. -->","yoast_head_json":{"title":"About me - Lilly\u2019s Cake","description":"Lilly's Cake Design","robots":{"index":"index","follow":"follow","max-snippet":"max-snippet:-1","max-image-preview":"max-image-preview:large","max-video-preview":"max-video-preview:-1"},"canonical":"https:\/\/www.lillyscake.ch\/index.php\/about-me\/","og_locale":"de_DE","og_type":"article","og_title":"About me - Lilly\u2019s Cake","og_description":"Lilly's Cake Design","og_url":"https:\/\/www.lillyscake.ch\/index.php\/about-me\/","og_site_name":"Lilly\u2019s Cake","article_publisher":"https:\/\/www.facebook.com\/lillyscakedesign\/?filter=2","article_modified_time":"2019-09-12T21:14:50+00:00","og_image":[{"url":"http:\/\/www.lillyscake.ch\/wp-content\/uploads\/2019\/09\/Lilly.jpg","type":"","width":"","height":""}],"twitter_card":"summary_large_image","twitter_misc":{"Gesch\u00e4tzte Lesezeit":"1\u00a0Minute"},"schema":{"@context":"https:\/\/schema.org","@graph":[{"@type":"WebPage","@id":"https:\/\/www.lillyscake.ch\/index.php\/about-me\/","url":"https:\/\/www.lillyscake.ch\/index.php\/about-me\/","name":"About me - Lilly\u2019s Cake","isPartOf":{"@id":"https:\/\/www.lillyscake.ch\/#website"},"primaryImageOfPage":{"@id":"https:\/\/www.lillyscake.ch\/index.php\/about-me\/#primaryimage"},"image":{"@id":"https:\/\/www.lillyscake.ch\/index.php\/about-me\/#primaryimage"},"thumbnailUrl":"http:\/\/www.lillyscake.ch\/wp-content\/uploads\/2019\/09\/Lilly.jpg","datePublished":"2019-08-21T10:01:08+00:00","dateModified":"2019-09-12T21:14:50+00:00","description":"Lilly's Cake Design","breadcrumb":{"@id":"https:\/\/www.lillyscake.ch\/index.php\/about-me\/#breadcrumb"},"inLanguage":"de","potentialAction":[{"@type":"ReadAction","target":["https:\/\/www.lillyscake.ch\/index.php\/about-me\/"]}]},{"@type":"ImageObject","inLanguage":"de","@id":"https:\/\/www.lillyscake.ch\/index.php\/about-me\/#primaryimage","url":"https:\/\/www.lillyscake.ch\/wp-content\/uploads\/2019\/09\/Lilly.jpg","contentUrl":"https:\/\/www.lillyscake.ch\/wp-content\/uploads\/2019\/09\/Lilly.jpg","width":300,"height":300},{"@type":"BreadcrumbList","@id":"https:\/\/www.lillyscake.ch\/index.php\/about-me\/#breadcrumb","itemListElement":[{"@type":"ListItem","position":1,"name":"Home","item":"https:\/\/www.lillyscake.ch\/"},{"@type":"ListItem","position":2,"name":"About me"}]},{"@type":"WebSite","@id":"https:\/\/www.lillyscake.ch\/#website","url":"https:\/\/www.lillyscake.ch\/","name":"Lilly\u2019s Cake","description":"Herzlich Willkommen","publisher":{"@id":"https:\/\/www.lillyscake.ch\/#organization"},"potentialAction":[{"@type":"SearchAction","target":{"@type":"EntryPoint","urlTemplate":"https:\/\/www.lillyscake.ch\/?s={search_term_string}"},"query-input":{"@type":"PropertyValueSpecification","valueRequired":true,"valueName":"search_term_string"}}],"inLanguage":"de"},{"@type":"Organization","@id":"https:\/\/www.lillyscake.ch\/#organization","name":"Lilly's Cake","url":"https:\/\/www.lillyscake.ch\/","logo":{"@type":"ImageObject","inLanguage":"de","@id":"https:\/\/www.lillyscake.ch\/#\/schema\/logo\/image\/","url":"","contentUrl":"","caption":"Lilly's Cake"},"image":{"@id":"https:\/\/www.lillyscake.ch\/#\/schema\/logo\/image\/"},"sameAs":["https:\/\/www.facebook.com\/lillyscakedesign\/?filter=2","https:\/\/www.instagram.com\/p\/Bg_Sjn8BzPx\/"]}]}},"_links":{"self":[{"href":"https:\/\/www.lillyscake.ch\/index.php\/wp-json\/wp\/v2\/pages\/33","targetHints":{"allow":["GET"]}}],"collection":[{"href":"https:\/\/www.lillyscake.ch\/index.php\/wp-json\/wp\/v2\/pages"}],"about":[{"href":"https:\/\/www.lillyscake.ch\/index.php\/wp-json\/wp\/v2\/types\/page"}],"author":[{"embeddable":true,"href":"https:\/\/www.lillyscake.ch\/index.php\/wp-json\/wp\/v2\/users\/1"}],"replies":[{"embeddable":true,"href":"https:\/\/www.lillyscake.ch\/index.php\/wp-json\/wp\/v2\/comments?post=33"}],"version-history":[{"count":0,"href":"https:\/\/www.lillyscake.ch\/index.php\/wp-json\/wp\/v2\/pages\/33\/revisions"}],"wp:attachment":[{"href":"https:\/\/www.lillyscake.ch\/index.php\/wp-json\/wp\/v2\/media?parent=33"}],"curies":[{"name":"wp","href":"https:\/\/api.w.org\/{rel}","templated":true}]}}