{"id":1765,"date":"2019-08-29T17:29:08","date_gmt":"2019-08-29T17:29:08","guid":{"rendered":"http:\/\/www.lillyscake.ch\/?page_id=1765"},"modified":"2019-09-12T20:53:07","modified_gmt":"2019-09-12T20:53:07","slug":"agbs","status":"publish","type":"page","link":"https:\/\/www.lillyscake.ch\/index.php\/faqs\/agbs\/","title":{"rendered":"AGB&#8217;s"},"content":{"rendered":"<p>AGB&#8217;s (ALLGEMEINE GESCH\u00c4FTSBEDINGUNGEN) f\u00fcr die Schweiz<br \/>\nDiese Allgemeinen Gesch\u00e4ftsbedingungen (nachfolgend &#8218;AGB&#8216;) gelten f\u00fcr alle Auftr\u00e4ge\/Vertr\u00e4ge.<\/p>\n<p>1. Vertragsschluss und Lieferung<\/p>\n<p>Der Vertrag zwischen Lilly&#8217;s Cake und dem Kunden kommt erst durch eine ausdr\u00fcckliche Auftragsbest\u00e4tigung<br \/>\nBis zum Zeitpunkt der ausdr\u00fccklichen Auftragsbest\u00e4tigung durch Lilly&#8217;s Cake bleibt der K\u00e4ufer an die Bestellung gebunden.<\/p>\n<p>F\u00fcr die vom K\u00e4ufer bestellten Produkte gelten jeweils die zum Bestelldatum g\u00fcltigen, die Preise in Schweizer Franken, inklusive Mehrwertsteuer und exklusive Lieferkosten.<br \/>\nDie Lieferkosten werden w\u00e4hrend des Bestellvorgangs berrechnen und in der Bestellbest\u00e4tigung gesondert ausgewiesen.<\/p>\n<p>2. Zahlungsbedingungen<\/p>\n<p>Die Bezahlung s\u00e4mtlicher Bestellungen hat in Schweizer Franken zu erfolgen, wahlweise gegen Barzahlung oder durch EC, sowie VISA\/Master Card &#8211; Kreditkarten kann man direkt bei uns bezahlen.<br \/>\nDie Vorkasse-Rechnungen von Lilly&#8217;s Cake sind nach erhalt sofort zu bezahlen.<\/p>\n","protected":false},"excerpt":{"rendered":"<p>AGB&#8217;s (ALLGEMEINE GESCH\u00c4FTSBEDINGUNGEN) f\u00fcr die Schweiz Diese Allgemeinen Gesch\u00e4ftsbedingungen (nachfolgend &#8218;AGB&#8216;) gelten f\u00fcr alle Auftr\u00e4ge\/Vertr\u00e4ge. 1. Vertragsschluss und Lieferung Der Vertrag zwischen Lilly&#8217;s Cake und dem Kunden kommt erst durch eine ausdr\u00fcckliche Auftragsbest\u00e4tigung Bis zum Zeitpunkt der ausdr\u00fccklichen Auftragsbest\u00e4tigung durch Lilly&#8217;s Cake bleibt der K\u00e4ufer an die Bestellung gebunden. F\u00fcr die vom K\u00e4ufer bestellten Produkte [&hellip;]<\/p>\n","protected":false},"author":1,"featured_media":0,"parent":1758,"menu_order":0,"comment_status":"closed","ping_status":"closed","template":"","meta":{"footnotes":""},"class_list":["post-1765","page","type-page","status-publish","hentry"],"yoast_head":"<!-- This site is optimized with the Yoast SEO plugin v27.4 - https:\/\/yoast.com\/product\/yoast-seo-wordpress\/ -->\n<title>AGB&#039;s - Lilly\u2019s Cake<\/title>\n<meta name=\"robots\" content=\"index, follow, max-snippet:-1, max-image-preview:large, max-video-preview:-1\" \/>\n<link rel=\"canonical\" href=\"https:\/\/www.lillyscake.ch\/index.php\/faqs\/agbs\/\" \/>\n<meta property=\"og:locale\" content=\"de_DE\" \/>\n<meta property=\"og:type\" content=\"article\" \/>\n<meta property=\"og:title\" content=\"AGB&#039;s - Lilly\u2019s Cake\" \/>\n<meta property=\"og:description\" content=\"AGB&#8217;s (ALLGEMEINE GESCH\u00c4FTSBEDINGUNGEN) f\u00fcr die Schweiz Diese Allgemeinen Gesch\u00e4ftsbedingungen (nachfolgend &#8218;AGB&#8216;) gelten f\u00fcr alle Auftr\u00e4ge\/Vertr\u00e4ge. 1. Vertragsschluss und Lieferung Der Vertrag zwischen Lilly&#8217;s Cake und dem Kunden kommt erst durch eine ausdr\u00fcckliche Auftragsbest\u00e4tigung Bis zum Zeitpunkt der ausdr\u00fccklichen Auftragsbest\u00e4tigung durch Lilly&#8217;s Cake bleibt der K\u00e4ufer an die Bestellung gebunden. F\u00fcr die vom K\u00e4ufer bestellten Produkte [&hellip;]\" \/>\n<meta property=\"og:url\" content=\"https:\/\/www.lillyscake.ch\/index.php\/faqs\/agbs\/\" \/>\n<meta property=\"og:site_name\" content=\"Lilly\u2019s Cake\" \/>\n<meta property=\"article:publisher\" content=\"https:\/\/www.facebook.com\/lillyscakedesign\/?filter=2\" \/>\n<meta property=\"article:modified_time\" content=\"2019-09-12T20:53:07+00:00\" \/>\n<meta name=\"twitter:card\" content=\"summary_large_image\" \/>\n<meta name=\"twitter:label1\" content=\"Gesch\u00e4tzte Lesezeit\" \/>\n\t<meta name=\"twitter:data1\" content=\"1\u00a0Minute\" \/>\n<script type=\"application\/ld+json\" class=\"yoast-schema-graph\">{\"@context\":\"https:\\\/\\\/schema.org\",\"@graph\":[{\"@type\":\"WebPage\",\"@id\":\"https:\\\/\\\/www.lillyscake.ch\\\/index.php\\\/faqs\\\/agbs\\\/\",\"url\":\"https:\\\/\\\/www.lillyscake.ch\\\/index.php\\\/faqs\\\/agbs\\\/\",\"name\":\"AGB's - Lilly\u2019s Cake\",\"isPartOf\":{\"@id\":\"https:\\\/\\\/www.lillyscake.ch\\\/#website\"},\"datePublished\":\"2019-08-29T17:29:08+00:00\",\"dateModified\":\"2019-09-12T20:53:07+00:00\",\"breadcrumb\":{\"@id\":\"https:\\\/\\\/www.lillyscake.ch\\\/index.php\\\/faqs\\\/agbs\\\/#breadcrumb\"},\"inLanguage\":\"de\",\"potentialAction\":[{\"@type\":\"ReadAction\",\"target\":[\"https:\\\/\\\/www.lillyscake.ch\\\/index.php\\\/faqs\\\/agbs\\\/\"]}]},{\"@type\":\"BreadcrumbList\",\"@id\":\"https:\\\/\\\/www.lillyscake.ch\\\/index.php\\\/faqs\\\/agbs\\\/#breadcrumb\",\"itemListElement\":[{\"@type\":\"ListItem\",\"position\":1,\"name\":\"Home\",\"item\":\"https:\\\/\\\/www.lillyscake.ch\\\/\"},{\"@type\":\"ListItem\",\"position\":2,\"name\":\"FAQ&#8217;s\",\"item\":\"https:\\\/\\\/www.lillyscake.ch\\\/index.php\\\/faqs\\\/\"},{\"@type\":\"ListItem\",\"position\":3,\"name\":\"AGB&#8217;s\"}]},{\"@type\":\"WebSite\",\"@id\":\"https:\\\/\\\/www.lillyscake.ch\\\/#website\",\"url\":\"https:\\\/\\\/www.lillyscake.ch\\\/\",\"name\":\"Lilly\u2019s Cake\",\"description\":\"Herzlich Willkommen\",\"publisher\":{\"@id\":\"https:\\\/\\\/www.lillyscake.ch\\\/#organization\"},\"potentialAction\":[{\"@type\":\"SearchAction\",\"target\":{\"@type\":\"EntryPoint\",\"urlTemplate\":\"https:\\\/\\\/www.lillyscake.ch\\\/?s={search_term_string}\"},\"query-input\":{\"@type\":\"PropertyValueSpecification\",\"valueRequired\":true,\"valueName\":\"search_term_string\"}}],\"inLanguage\":\"de\"},{\"@type\":\"Organization\",\"@id\":\"https:\\\/\\\/www.lillyscake.ch\\\/#organization\",\"name\":\"Lilly's Cake\",\"url\":\"https:\\\/\\\/www.lillyscake.ch\\\/\",\"logo\":{\"@type\":\"ImageObject\",\"inLanguage\":\"de\",\"@id\":\"https:\\\/\\\/www.lillyscake.ch\\\/#\\\/schema\\\/logo\\\/image\\\/\",\"url\":\"\",\"contentUrl\":\"\",\"caption\":\"Lilly's Cake\"},\"image\":{\"@id\":\"https:\\\/\\\/www.lillyscake.ch\\\/#\\\/schema\\\/logo\\\/image\\\/\"},\"sameAs\":[\"https:\\\/\\\/www.facebook.com\\\/lillyscakedesign\\\/?filter=2\",\"https:\\\/\\\/www.instagram.com\\\/p\\\/Bg_Sjn8BzPx\\\/\"]}]}<\/script>\n<!-- \/ Yoast SEO plugin. -->","yoast_head_json":{"title":"AGB's - Lilly\u2019s Cake","robots":{"index":"index","follow":"follow","max-snippet":"max-snippet:-1","max-image-preview":"max-image-preview:large","max-video-preview":"max-video-preview:-1"},"canonical":"https:\/\/www.lillyscake.ch\/index.php\/faqs\/agbs\/","og_locale":"de_DE","og_type":"article","og_title":"AGB's - Lilly\u2019s Cake","og_description":"AGB&#8217;s (ALLGEMEINE GESCH\u00c4FTSBEDINGUNGEN) f\u00fcr die Schweiz Diese Allgemeinen Gesch\u00e4ftsbedingungen (nachfolgend &#8218;AGB&#8216;) gelten f\u00fcr alle Auftr\u00e4ge\/Vertr\u00e4ge. 1. Vertragsschluss und Lieferung Der Vertrag zwischen Lilly&#8217;s Cake und dem Kunden kommt erst durch eine ausdr\u00fcckliche Auftragsbest\u00e4tigung Bis zum Zeitpunkt der ausdr\u00fccklichen Auftragsbest\u00e4tigung durch Lilly&#8217;s Cake bleibt der K\u00e4ufer an die Bestellung gebunden. F\u00fcr die vom K\u00e4ufer bestellten Produkte [&hellip;]","og_url":"https:\/\/www.lillyscake.ch\/index.php\/faqs\/agbs\/","og_site_name":"Lilly\u2019s Cake","article_publisher":"https:\/\/www.facebook.com\/lillyscakedesign\/?filter=2","article_modified_time":"2019-09-12T20:53:07+00:00","twitter_card":"summary_large_image","twitter_misc":{"Gesch\u00e4tzte Lesezeit":"1\u00a0Minute"},"schema":{"@context":"https:\/\/schema.org","@graph":[{"@type":"WebPage","@id":"https:\/\/www.lillyscake.ch\/index.php\/faqs\/agbs\/","url":"https:\/\/www.lillyscake.ch\/index.php\/faqs\/agbs\/","name":"AGB's - Lilly\u2019s Cake","isPartOf":{"@id":"https:\/\/www.lillyscake.ch\/#website"},"datePublished":"2019-08-29T17:29:08+00:00","dateModified":"2019-09-12T20:53:07+00:00","breadcrumb":{"@id":"https:\/\/www.lillyscake.ch\/index.php\/faqs\/agbs\/#breadcrumb"},"inLanguage":"de","potentialAction":[{"@type":"ReadAction","target":["https:\/\/www.lillyscake.ch\/index.php\/faqs\/agbs\/"]}]},{"@type":"BreadcrumbList","@id":"https:\/\/www.lillyscake.ch\/index.php\/faqs\/agbs\/#breadcrumb","itemListElement":[{"@type":"ListItem","position":1,"name":"Home","item":"https:\/\/www.lillyscake.ch\/"},{"@type":"ListItem","position":2,"name":"FAQ&#8217;s","item":"https:\/\/www.lillyscake.ch\/index.php\/faqs\/"},{"@type":"ListItem","position":3,"name":"AGB&#8217;s"}]},{"@type":"WebSite","@id":"https:\/\/www.lillyscake.ch\/#website","url":"https:\/\/www.lillyscake.ch\/","name":"Lilly\u2019s Cake","description":"Herzlich Willkommen","publisher":{"@id":"https:\/\/www.lillyscake.ch\/#organization"},"potentialAction":[{"@type":"SearchAction","target":{"@type":"EntryPoint","urlTemplate":"https:\/\/www.lillyscake.ch\/?s={search_term_string}"},"query-input":{"@type":"PropertyValueSpecification","valueRequired":true,"valueName":"search_term_string"}}],"inLanguage":"de"},{"@type":"Organization","@id":"https:\/\/www.lillyscake.ch\/#organization","name":"Lilly's Cake","url":"https:\/\/www.lillyscake.ch\/","logo":{"@type":"ImageObject","inLanguage":"de","@id":"https:\/\/www.lillyscake.ch\/#\/schema\/logo\/image\/","url":"","contentUrl":"","caption":"Lilly's Cake"},"image":{"@id":"https:\/\/www.lillyscake.ch\/#\/schema\/logo\/image\/"},"sameAs":["https:\/\/www.facebook.com\/lillyscakedesign\/?filter=2","https:\/\/www.instagram.com\/p\/Bg_Sjn8BzPx\/"]}]}},"_links":{"self":[{"href":"https:\/\/www.lillyscake.ch\/index.php\/wp-json\/wp\/v2\/pages\/1765","targetHints":{"allow":["GET"]}}],"collection":[{"href":"https:\/\/www.lillyscake.ch\/index.php\/wp-json\/wp\/v2\/pages"}],"about":[{"href":"https:\/\/www.lillyscake.ch\/index.php\/wp-json\/wp\/v2\/types\/page"}],"author":[{"embeddable":true,"href":"https:\/\/www.lillyscake.ch\/index.php\/wp-json\/wp\/v2\/users\/1"}],"replies":[{"embeddable":true,"href":"https:\/\/www.lillyscake.ch\/index.php\/wp-json\/wp\/v2\/comments?post=1765"}],"version-history":[{"count":0,"href":"https:\/\/www.lillyscake.ch\/index.php\/wp-json\/wp\/v2\/pages\/1765\/revisions"}],"up":[{"embeddable":true,"href":"https:\/\/www.lillyscake.ch\/index.php\/wp-json\/wp\/v2\/pages\/1758"}],"wp:attachment":[{"href":"https:\/\/www.lillyscake.ch\/index.php\/wp-json\/wp\/v2\/media?parent=1765"}],"curies":[{"name":"wp","href":"https:\/\/api.w.org\/{rel}","templated":true}]}}